{"id":106,"date":"2016-10-20T15:53:09","date_gmt":"2016-10-20T13:53:09","guid":{"rendered":"http:\/\/www.kpsrd.si\/?page_id=106"},"modified":"2016-10-20T15:53:09","modified_gmt":"2016-10-20T13:53:09","slug":"govoreci-pikado","status":"publish","type":"page","link":"https:\/\/www.kpsrd.si\/?page_id=106","title":{"rendered":"Govore\u010di pikado"},"content":{"rendered":"<p class=\"text-justify\">\nTreningi v govore\u010dem pikadu potekajo ob \u010detrtkih oziroma po dogovoru od 16:30 ure naprej.\n<\/p>\n<p class=\"text-justify\">\nO vseh tekmovanjih boste pravo\u010dasno obve\u0161\u010deni preko E-po\u0161te, telefonskega odzivnika in na na\u0161i spletni strani.<\/p>\n","protected":false},"excerpt":{"rendered":"<p>Treningi v govore\u010dem pikadu potekajo ob \u010detrtkih oziroma po dogovoru od 16:30 ure naprej. O vseh tekmovanjih boste pravo\u010dasno obve\u0161\u010deni preko E-po\u0161te, telefonskega odzivnika in na na\u0161i spletni strani.&hellip; <a class=\"read-more\" href=\"https:\/\/www.kpsrd.si\/?page_id=106\">Read More<\/a><\/p>\n","protected":false},"author":1,"featured_media":0,"parent":0,"menu_order":804,"comment_status":"closed","ping_status":"closed","template":"page-nosidebar.php","meta":{"footnotes":""},"class_list":["post-106","page","type-page","status-publish","hentry"],"jetpack_sharing_enabled":true,"_links":{"self":[{"href":"https:\/\/www.kpsrd.si\/index.php?rest_route=\/wp\/v2\/pages\/106","targetHints":{"allow":["GET"]}}],"collection":[{"href":"https:\/\/www.kpsrd.si\/index.php?rest_route=\/wp\/v2\/pages"}],"about":[{"href":"https:\/\/www.kpsrd.si\/index.php?rest_route=\/wp\/v2\/types\/page"}],"author":[{"embeddable":true,"href":"https:\/\/www.kpsrd.si\/index.php?rest_route=\/wp\/v2\/users\/1"}],"replies":[{"embeddable":true,"href":"https:\/\/www.kpsrd.si\/index.php?rest_route=%2Fwp%2Fv2%2Fcomments&post=106"}],"version-history":[{"count":1,"href":"https:\/\/www.kpsrd.si\/index.php?rest_route=\/wp\/v2\/pages\/106\/revisions"}],"predecessor-version":[{"id":107,"href":"https:\/\/www.kpsrd.si\/index.php?rest_route=\/wp\/v2\/pages\/106\/revisions\/107"}],"wp:attachment":[{"href":"https:\/\/www.kpsrd.si\/index.php?rest_route=%2Fwp%2Fv2%2Fmedia&parent=106"}],"curies":[{"name":"wp","href":"https:\/\/api.w.org\/{rel}","templated":true}]}}